{"id":68,"date":"2020-07-08T12:31:11","date_gmt":"2020-07-08T12:31:11","guid":{"rendered":"https:\/\/rifas.se\/?page_id=68"},"modified":"2023-11-20T09:03:29","modified_gmt":"2023-11-20T09:03:29","slug":"kopa-kapphast","status":"publish","type":"page","link":"https:\/\/rifas.se\/?page_id=68","title":{"rendered":"K\u00f6pa k\u00e4pph\u00e4st"},"content":{"rendered":"\n<div style=\"height:0px\" aria-hidden=\"true\" class=\"wp-block-spacer\"><\/div>\n\n\n\n<h4 class=\"wp-block-heading\">Vill du k\u00f6pa en Rifash\u00e4st?<\/h4>\n\n\n\n<p>Jag tar best\u00e4llningar i m\u00e5n av tid och ibland annonseras \u00e4ven f\u00e4rdiga saluh\u00e4star. Kika in p\u00e5 nyhetssidan f\u00f6r aktuell information och skicka g\u00e4rna ett mail till <em>rifaskapphastar@gmail.com<\/em> vid intresse. <\/p>\n\n\n\n<div class=\"wp-block-columns is-layout-flex wp-container-core-columns-is-layout-1 wp-block-columns-is-layout-flex\">\n<div class=\"wp-block-column is-layout-flow wp-block-column-is-layout-flow\">\n<div class=\"wp-block-buttons is-content-justification-left is-layout-flex wp-container-core-buttons-is-layout-1 wp-block-buttons-is-layout-flex\">\n<div class=\"wp-block-button has-custom-width wp-block-button__width-50 has-custom-font-size has-small-font-size\"><a class=\"wp-block-button__link has-raft-fg-color has-text-color has-background\" href=\"https:\/\/rifas.se\/?page_id=1840\" style=\"background-color:#dca47fa6\">Nyheter<\/a><\/div>\n\n\n\n<div class=\"wp-block-button has-custom-width wp-block-button__width-50 has-custom-font-size is-style-fill has-small-font-size\"><a class=\"wp-block-button__link has-raft-fg-color has-text-color has-background\" href=\"https:\/\/rifas.se\/?page_id=1838\" style=\"background-color:#dca47fa6\">Kontakt<\/a><\/div>\n<\/div>\n<\/div>\n\n\n\n<div class=\"wp-block-column is-layout-flow wp-block-column-is-layout-flow\">\n<div class=\"wp-block-buttons is-content-justification-left is-layout-flex wp-container-core-buttons-is-layout-2 wp-block-buttons-is-layout-flex\"><\/div>\n<\/div>\n<\/div>\n\n\n\n<div style=\"height:22px\" aria-hidden=\"true\" class=\"wp-block-spacer\"><\/div>\n\n\n\n<h4 class=\"wp-block-heading\">Leveranstider<\/h4>\n\n\n\n<p>Tids\u00e5tg\u00e5ng varierar b\u00e5de beroende p\u00e5 typ av best\u00e4llning och hur m\u00e5nga k\u00e4pph\u00e4star jag har p\u00e5 g\u00e5ng f\u00f6r tillf\u00e4llet, men leveranstiderna ligger vanligen runt sex veckor. <\/p>\n\n\n\n<h4 class=\"wp-block-heading\">Vad ing\u00e5r?<\/h4>\n\n\n\n<p>Ett anatomiskt tr\u00e4ns som m\u00e5ttsytts i svart skinn fr\u00e5n T\u00e4rnsj\u00f6 med bett och tyglar medf\u00f6ljer alla Rifash\u00e4star. H\u00e4sten levereras stoppad men k\u00e4pp ing\u00e5r ej, instruktioner f\u00f6r hur man fixar en egen samt allm\u00e4nna sk\u00f6tselr\u00e5d finner du l\u00e4ngst ner p\u00e5 sidan.<\/p>\n\n\n\n<figure class=\"wp-block-gallery has-nested-images columns-default is-cropped wp-block-gallery-1 is-layout-flex wp-block-gallery-is-layout-flex\">\n<figure class=\"wp-block-image size-large\"><img loading=\"lazy\" decoding=\"async\" width=\"1024\" height=\"438\" data-id=\"142\" src=\"https:\/\/rifas.se\/wp-content\/uploads\/2020\/07\/BOA6684-1920x822-1-1024x438.jpg\" alt=\"\" class=\"wp-image-142\" srcset=\"https:\/\/rifas.se\/wp-content\/uploads\/2020\/07\/BOA6684-1920x822-1-1024x438.jpg 1024w, https:\/\/rifas.se\/wp-content\/uploads\/2020\/07\/BOA6684-1920x822-1-300x128.jpg 300w, https:\/\/rifas.se\/wp-content\/uploads\/2020\/07\/BOA6684-1920x822-1-600x257.jpg 600w, https:\/\/rifas.se\/wp-content\/uploads\/2020\/07\/BOA6684-1920x822-1-768x329.jpg 768w, https:\/\/rifas.se\/wp-content\/uploads\/2020\/07\/BOA6684-1920x822-1-1536x658.jpg 1536w, https:\/\/rifas.se\/wp-content\/uploads\/2020\/07\/BOA6684-1920x822-1.jpg 1920w\" sizes=\"auto, (max-width: 1024px) 100vw, 1024px\" \/><\/figure>\n\n\n\n<figure class=\"wp-block-image size-large\"><img loading=\"lazy\" decoding=\"async\" width=\"1024\" height=\"438\" data-id=\"139\" src=\"https:\/\/rifas.se\/wp-content\/uploads\/2020\/07\/BOA6470-1920x822-1-1024x438.jpg\" alt=\"\" class=\"wp-image-139\" srcset=\"https:\/\/rifas.se\/wp-content\/uploads\/2020\/07\/BOA6470-1920x822-1-1024x438.jpg 1024w, https:\/\/rifas.se\/wp-content\/uploads\/2020\/07\/BOA6470-1920x822-1-300x128.jpg 300w, https:\/\/rifas.se\/wp-content\/uploads\/2020\/07\/BOA6470-1920x822-1-600x257.jpg 600w, https:\/\/rifas.se\/wp-content\/uploads\/2020\/07\/BOA6470-1920x822-1-768x329.jpg 768w, https:\/\/rifas.se\/wp-content\/uploads\/2020\/07\/BOA6470-1920x822-1-1536x658.jpg 1536w, https:\/\/rifas.se\/wp-content\/uploads\/2020\/07\/BOA6470-1920x822-1.jpg 1920w\" sizes=\"auto, (max-width: 1024px) 100vw, 1024px\" \/><\/figure>\n<\/figure>\n\n\n\n<h4 class=\"wp-block-heading\">F\u00e4rger<\/h4>\n\n\n\n<p>H\u00e4starna tillverkas i olika typer av velboatyger som finns i en upps\u00e4ttning f\u00e4rger och kan kombineras med diverse garner f\u00f6r att f\u00e5 fram unika h\u00e4star. Fler bilder finns p\u00e5 Instagram samt Facebook; @rifaskapphastar.<\/p>\n\n\n\n<div class=\"wp-block-jetpack-tiled-gallery aligncenter is-style-rectangular\"><div class=\"tiled-gallery__gallery\"><div class=\"tiled-gallery__row\"><div class=\"tiled-gallery__col\" style=\"flex-basis:64.15983%\"><figure class=\"tiled-gallery__item\"><img decoding=\"async\" srcset=\"https:\/\/i0.wp.com\/rifas.se\/wp-content\/uploads\/2022\/11\/ALICE_016-1024x768.jpg?strip=info&#038;w=600&#038;ssl=1 600w,https:\/\/i0.wp.com\/rifas.se\/wp-content\/uploads\/2022\/11\/ALICE_016-1024x768.jpg?strip=info&#038;w=900&#038;ssl=1 900w,https:\/\/i0.wp.com\/rifas.se\/wp-content\/uploads\/2022\/11\/ALICE_016-1024x768.jpg?strip=info&#038;w=1200&#038;ssl=1 1200w,https:\/\/i0.wp.com\/rifas.se\/wp-content\/uploads\/2022\/11\/ALICE_016-1024x768.jpg?strip=info&#038;w=1500&#038;ssl=1 1500w,https:\/\/i0.wp.com\/rifas.se\/wp-content\/uploads\/2022\/11\/ALICE_016-1024x768.jpg?strip=info&#038;w=1800&#038;ssl=1 1800w,https:\/\/i0.wp.com\/rifas.se\/wp-content\/uploads\/2022\/11\/ALICE_016-1024x768.jpg?strip=info&#038;w=1999&#038;ssl=1 1999w\" alt=\"\" data-height=\"1499\" data-id=\"1885\" data-link=\"https:\/\/rifas.se\/?attachment_id=1885\" data-url=\"https:\/\/rifas.se\/wp-content\/uploads\/2022\/11\/ALICE_016-1024x768.jpg\" data-width=\"1999\" src=\"https:\/\/i0.wp.com\/rifas.se\/wp-content\/uploads\/2022\/11\/ALICE_016-1024x768.jpg?ssl=1\" data-amp-layout=\"responsive\"\/><\/figure><\/div><div class=\"tiled-gallery__col\" style=\"flex-basis:35.84017%\"><figure class=\"tiled-gallery__item\"><img decoding=\"async\" srcset=\"https:\/\/i0.wp.com\/rifas.se\/wp-content\/uploads\/2021\/04\/BOA8602-1024x683.jpg?strip=info&#038;w=600&#038;ssl=1 600w,https:\/\/i0.wp.com\/rifas.se\/wp-content\/uploads\/2021\/04\/BOA8602-1024x683.jpg?strip=info&#038;w=900&#038;ssl=1 900w,https:\/\/i0.wp.com\/rifas.se\/wp-content\/uploads\/2021\/04\/BOA8602-1024x683.jpg?strip=info&#038;w=1200&#038;ssl=1 1200w,https:\/\/i0.wp.com\/rifas.se\/wp-content\/uploads\/2021\/04\/BOA8602-1024x683.jpg?strip=info&#038;w=1500&#038;ssl=1 1500w,https:\/\/i0.wp.com\/rifas.se\/wp-content\/uploads\/2021\/04\/BOA8602-1024x683.jpg?strip=info&#038;w=1800&#038;ssl=1 1800w,https:\/\/i0.wp.com\/rifas.se\/wp-content\/uploads\/2021\/04\/BOA8602-1024x683.jpg?strip=info&#038;w=2000&#038;ssl=1 2000w\" alt=\"\" data-height=\"1707\" data-id=\"249\" data-link=\"https:\/\/rifas.se\/?attachment_id=249\" data-url=\"https:\/\/rifas.se\/wp-content\/uploads\/2021\/04\/BOA8602-1024x683.jpg\" data-width=\"2560\" src=\"https:\/\/i0.wp.com\/rifas.se\/wp-content\/uploads\/2021\/04\/BOA8602-1024x683.jpg?ssl=1\" data-amp-layout=\"responsive\"\/><\/figure><figure class=\"tiled-gallery__item\"><img decoding=\"async\" srcset=\"https:\/\/i0.wp.com\/rifas.se\/wp-content\/uploads\/2022\/11\/BOA8654-scaled-1-1024x683.jpg?strip=info&#038;w=600&#038;ssl=1 600w,https:\/\/i0.wp.com\/rifas.se\/wp-content\/uploads\/2022\/11\/BOA8654-scaled-1-1024x683.jpg?strip=info&#038;w=900&#038;ssl=1 900w,https:\/\/i0.wp.com\/rifas.se\/wp-content\/uploads\/2022\/11\/BOA8654-scaled-1-1024x683.jpg?strip=info&#038;w=1200&#038;ssl=1 1200w,https:\/\/i0.wp.com\/rifas.se\/wp-content\/uploads\/2022\/11\/BOA8654-scaled-1-1024x683.jpg?strip=info&#038;w=1500&#038;ssl=1 1500w,https:\/\/i0.wp.com\/rifas.se\/wp-content\/uploads\/2022\/11\/BOA8654-scaled-1-1024x683.jpg?strip=info&#038;w=1800&#038;ssl=1 1800w,https:\/\/i0.wp.com\/rifas.se\/wp-content\/uploads\/2022\/11\/BOA8654-scaled-1-1024x683.jpg?strip=info&#038;w=2000&#038;ssl=1 2000w\" alt=\"\" data-height=\"1707\" data-id=\"1502\" data-link=\"https:\/\/rifas.se\/?attachment_id=1502\" data-url=\"https:\/\/rifas.se\/wp-content\/uploads\/2022\/11\/BOA8654-scaled-1-1024x683.jpg\" data-width=\"2560\" src=\"https:\/\/i0.wp.com\/rifas.se\/wp-content\/uploads\/2022\/11\/BOA8654-scaled-1-1024x683.jpg?ssl=1\" data-amp-layout=\"responsive\"\/><\/figure><\/div><\/div><div class=\"tiled-gallery__row\"><div class=\"tiled-gallery__col\" style=\"flex-basis:40.85792%\"><figure class=\"tiled-gallery__item\"><img decoding=\"async\" srcset=\"https:\/\/i1.wp.com\/rifas.se\/wp-content\/uploads\/2021\/07\/BOA8754-1024x683.jpg?strip=info&#038;w=600&#038;ssl=1 600w,https:\/\/i1.wp.com\/rifas.se\/wp-content\/uploads\/2021\/07\/BOA8754-1024x683.jpg?strip=info&#038;w=900&#038;ssl=1 900w,https:\/\/i1.wp.com\/rifas.se\/wp-content\/uploads\/2021\/07\/BOA8754-1024x683.jpg?strip=info&#038;w=1200&#038;ssl=1 1200w,https:\/\/i1.wp.com\/rifas.se\/wp-content\/uploads\/2021\/07\/BOA8754-1024x683.jpg?strip=info&#038;w=1500&#038;ssl=1 1500w,https:\/\/i1.wp.com\/rifas.se\/wp-content\/uploads\/2021\/07\/BOA8754-1024x683.jpg?strip=info&#038;w=1800&#038;ssl=1 1800w,https:\/\/i1.wp.com\/rifas.se\/wp-content\/uploads\/2021\/07\/BOA8754-1024x683.jpg?strip=info&#038;w=2000&#038;ssl=1 2000w\" alt=\"\" data-height=\"1707\" data-id=\"280\" data-link=\"https:\/\/rifas.se\/?attachment_id=280\" data-url=\"https:\/\/rifas.se\/wp-content\/uploads\/2021\/07\/BOA8754-1024x683.jpg\" data-width=\"2560\" src=\"https:\/\/i1.wp.com\/rifas.se\/wp-content\/uploads\/2021\/07\/BOA8754-1024x683.jpg?ssl=1\" data-amp-layout=\"responsive\"\/><\/figure><\/div><div class=\"tiled-gallery__col\" style=\"flex-basis:18.25994%\"><figure class=\"tiled-gallery__item\"><img decoding=\"async\" srcset=\"https:\/\/i1.wp.com\/rifas.se\/wp-content\/uploads\/2021\/07\/BOA8740-683x1024.jpg?strip=info&#038;w=600&#038;ssl=1 600w,https:\/\/i1.wp.com\/rifas.se\/wp-content\/uploads\/2021\/07\/BOA8740-683x1024.jpg?strip=info&#038;w=900&#038;ssl=1 900w,https:\/\/i1.wp.com\/rifas.se\/wp-content\/uploads\/2021\/07\/BOA8740-683x1024.jpg?strip=info&#038;w=1200&#038;ssl=1 1200w,https:\/\/i1.wp.com\/rifas.se\/wp-content\/uploads\/2021\/07\/BOA8740-683x1024.jpg?strip=info&#038;w=1500&#038;ssl=1 1500w,https:\/\/i1.wp.com\/rifas.se\/wp-content\/uploads\/2021\/07\/BOA8740-683x1024.jpg?strip=info&#038;w=1707&#038;ssl=1 1707w\" alt=\"\" data-height=\"2560\" data-id=\"278\" data-link=\"https:\/\/rifas.se\/?attachment_id=278\" data-url=\"https:\/\/rifas.se\/wp-content\/uploads\/2021\/07\/BOA8740-683x1024.jpg\" data-width=\"1707\" src=\"https:\/\/i1.wp.com\/rifas.se\/wp-content\/uploads\/2021\/07\/BOA8740-683x1024.jpg?ssl=1\" data-amp-layout=\"responsive\"\/><\/figure><\/div><div class=\"tiled-gallery__col\" style=\"flex-basis:40.88215%\"><figure class=\"tiled-gallery__item\"><img decoding=\"async\" srcset=\"https:\/\/i0.wp.com\/rifas.se\/wp-content\/uploads\/2020\/07\/BOA6038-1024x682.jpg?strip=info&#038;w=600&#038;ssl=1 600w,https:\/\/i0.wp.com\/rifas.se\/wp-content\/uploads\/2020\/07\/BOA6038-1024x682.jpg?strip=info&#038;w=900&#038;ssl=1 900w,https:\/\/i0.wp.com\/rifas.se\/wp-content\/uploads\/2020\/07\/BOA6038-1024x682.jpg?strip=info&#038;w=1200&#038;ssl=1 1200w,https:\/\/i0.wp.com\/rifas.se\/wp-content\/uploads\/2020\/07\/BOA6038-1024x682.jpg?strip=info&#038;w=1500&#038;ssl=1 1500w,https:\/\/i0.wp.com\/rifas.se\/wp-content\/uploads\/2020\/07\/BOA6038-1024x682.jpg?strip=info&#038;w=1800&#038;ssl=1 1800w,https:\/\/i0.wp.com\/rifas.se\/wp-content\/uploads\/2020\/07\/BOA6038-1024x682.jpg?strip=info&#038;w=2000&#038;ssl=1 2000w\" alt=\"\" data-height=\"1666\" data-id=\"58\" data-link=\"https:\/\/rifas.se\/?attachment_id=58\" data-url=\"https:\/\/rifas.se\/wp-content\/uploads\/2020\/07\/BOA6038-1024x682.jpg\" data-width=\"2500\" src=\"https:\/\/i0.wp.com\/rifas.se\/wp-content\/uploads\/2020\/07\/BOA6038-1024x682.jpg?ssl=1\" data-amp-layout=\"responsive\"\/><\/figure><\/div><\/div><\/div><\/div>\n\n\n\n<h4 class=\"wp-block-heading\">S\u00e4rskilda \u00f6nskem\u00e5l<\/h4>\n\n\n\n<p>Om det finns speciella \u00f6nskem\u00e5l, kontakta mig. Det mesta g\u00e5r att l\u00f6sa. Det kan exempelvis g\u00e4lla olika tecken, manl\u00e4ngd och tr\u00e4nsmodeller. Alla best\u00e4llningar tillverkas efter samma standardmall men jag kan anpassa modellen f\u00f6r att efterlikna riktiga h\u00e4star eller olika raser.<\/p>\n\n\n\n<div class=\"wp-block-group alignwide is-layout-flow wp-block-group-is-layout-flow\" style=\"margin-top:0px;margin-bottom:0px;padding-top:30px;padding-bottom:30px\">\n<h4 class=\"has-text-align-left is-style-default wp-block-heading\">Priser<\/h4>\n\n\n\n<div style=\"height:22px\" aria-hidden=\"true\" class=\"wp-block-spacer\"><\/div>\n\n\n\n<div class=\"wp-block-group alignwide is-layout-flow wp-block-group-is-layout-flow\">\n<div class=\"wp-block-columns is-layout-flex wp-container-core-columns-is-layout-2 wp-block-columns-is-layout-flex\">\n<div class=\"wp-block-column has-background is-layout-flow wp-container-core-column-is-layout-3 wp-block-column-is-layout-flow\" style=\"background-color:#dca47fa6;padding-top:24px;padding-right:24px;padding-bottom:24px;padding-left:24px\">\n<h3 class=\"has-medium-font-size wp-block-heading\">Standardh\u00e4st<\/h3>\n\n\n\n<p class=\"has-medium-font-size\">2400kr<\/p>\n\n\n\n<p class=\"has-small-font-size\"><em>\u2713<\/em>  Enklare skuggning<\/p>\n\n\n\n<hr class=\"wp-block-separator has-alpha-channel-opacity is-style-wide\"\/>\n\n\n\n<p class=\"has-small-font-size\"><em>\u2713<\/em> Kort man<\/p>\n\n\n\n<hr class=\"wp-block-separator has-alpha-channel-opacity is-style-wide\"\/>\n\n\n\n<p class=\"has-small-font-size\"><em>\u2713<\/em> Mindre, p\u00e5sydda tecken<\/p>\n\n\n\n<div class=\"wp-block-buttons is-content-justification-space-between is-layout-flex wp-container-core-buttons-is-layout-3 wp-block-buttons-is-layout-flex\"><\/div>\n<\/div>\n\n\n\n<div class=\"wp-block-column has-background is-layout-flow wp-container-core-column-is-layout-4 wp-block-column-is-layout-flow\" style=\"background-color:#dca47fa6;padding-top:24px;padding-right:24px;padding-bottom:24px;padding-left:24px\">\n<h3 class=\"has-medium-font-size wp-block-heading\">Stubbman<\/h3>\n\n\n\n<p class=\"has-medium-font-size\">2600kr<\/p>\n\n\n\n<p class=\"has-small-font-size\"><em>\u2713<\/em>  Fjordingar och dylikt<\/p>\n\n\n\n<hr class=\"wp-block-separator has-alpha-channel-opacity is-style-wide\"\/>\n\n\n\n<p class=\"has-small-font-size\"><em>\u2713<\/em> Tre rader st\u00e5ende man<\/p>\n\n\n\n<hr class=\"wp-block-separator has-alpha-channel-opacity is-style-wide\"\/>\n\n\n\n<p class=\"has-small-font-size\"><em>\u2713<\/em> Samma som standard<\/p>\n\n\n\n<div class=\"wp-block-buttons is-content-justification-space-between is-layout-flex wp-container-core-buttons-is-layout-4 wp-block-buttons-is-layout-flex\"><\/div>\n<\/div>\n\n\n\n<div class=\"wp-block-column has-background is-layout-flow wp-container-core-column-is-layout-5 wp-block-column-is-layout-flow\" style=\"background-color:#dca47fa6;padding-top:24px;padding-right:24px;padding-bottom:24px;padding-left:24px\">\n<h3 class=\"has-medium-font-size wp-block-heading\">Sk\u00e4ck<\/h3>\n\n\n\n<p class=\"has-medium-font-size\">2800kr<\/p>\n\n\n\n<p class=\"has-small-font-size\"><em>\u2713<\/em> Insydda tecken\/fl\u00e4ckar<\/p>\n\n\n\n<hr class=\"wp-block-separator has-alpha-channel-opacity is-style-wide\"\/>\n\n\n\n<p class=\"has-small-font-size\"><em>\u2713<\/em> Unikt m\u00f6nster<\/p>\n\n\n\n<hr class=\"wp-block-separator has-alpha-channel-opacity is-style-wide\"\/>\n\n\n\n<p class=\"has-small-font-size\"><em>\u2713<\/em>  Samma som standard<\/p>\n\n\n\n<div class=\"wp-block-buttons is-content-justification-space-between is-layout-flex wp-container-core-buttons-is-layout-5 wp-block-buttons-is-layout-flex\"><\/div>\n<\/div>\n<\/div>\n\n\n\n<div class=\"wp-block-columns is-layout-flex wp-container-core-columns-is-layout-3 wp-block-columns-is-layout-flex\">\n<div class=\"wp-block-column is-layout-flow wp-block-column-is-layout-flow\"><\/div>\n<\/div>\n<\/div>\n<\/div>\n\n\n\n<h4 class=\"wp-block-heading\">Frakt<\/h4>\n\n\n\n<p>Jag skickar sp\u00e5rbart med Postnord som vanligen levererar inom 2-3 arbetsdagar. Fraktkostnad 99kr.<\/p>\n\n\n\n<h4 class=\"wp-block-heading\">Betalning<\/h4>\n\n\n\n<p>Betalning sker via Swish efter att k\u00f6paren f\u00e5tt bilder p\u00e5 den f\u00e4rdiga k\u00e4pph\u00e4sten.<\/p>\n\n\n\n<div style=\"height:22px\" aria-hidden=\"true\" class=\"wp-block-spacer\"><\/div>\n\n\n\n<div class=\"wp-block-columns is-layout-flex wp-container-core-columns-is-layout-4 wp-block-columns-is-layout-flex\">\n<div class=\"wp-block-column is-layout-flow wp-block-column-is-layout-flow\">\n<div class=\"wp-block-buttons is-content-justification-left is-nowrap is-layout-flex wp-container-core-buttons-is-layout-6 wp-block-buttons-is-layout-flex\">\n<div class=\"wp-block-button has-custom-width wp-block-button__width-50 has-custom-font-size has-small-font-size\"><a class=\"wp-block-button__link has-raft-fg-color has-text-color has-background\" href=\"https:\/\/rifas.se\/?page_id=70\" style=\"background-color:#dca47fa6\">Sk\u00f6tselr\u00e5d och k\u00e4ppmontering<\/a><\/div>\n<\/div>\n<\/div>\n\n\n\n<div class=\"wp-block-column is-layout-flow wp-block-column-is-layout-flow\">\n<div class=\"wp-block-buttons is-content-justification-left is-layout-flex wp-container-core-buttons-is-layout-7 wp-block-buttons-is-layout-flex\"><\/div>\n<\/div>\n<\/div>\n\n\n\n<div class=\"wp-block-columns is-layout-flex wp-container-core-columns-is-layout-5 wp-block-columns-is-layout-flex\">\n<div class=\"wp-block-column is-layout-flow wp-block-column-is-layout-flow\"><\/div>\n<\/div>\n","protected":false},"excerpt":{"rendered":"<p>Vill du k\u00f6pa en Rifash\u00e4st? Jag tar best\u00e4llningar i m\u00e5n av tid och ibland annonseras \u00e4ven f\u00e4rdiga saluh\u00e4star. Kika in p\u00e5 nyhetssidan f\u00f6r aktuell information och skicka g\u00e4rna ett mail till rifaskapphastar@gmail.com vid intresse. Leveranstider Tids\u00e5tg\u00e5ng varierar b\u00e5de beroende p\u00e5 typ av best\u00e4llning och hur m\u00e5nga k\u00e4pph\u00e4star jag har p\u00e5 g\u00e5ng f\u00f6r tillf\u00e4llet, men leveranstiderna [&hellip;]<\/p>\n","protected":false},"author":1,"featured_media":0,"parent":0,"menu_order":0,"comment_status":"closed","ping_status":"closed","template":"elementor_theme","meta":{"footnotes":""},"class_list":["post-68","page","type-page","status-publish","hentry"],"jetpack_sharing_enabled":true,"_links":{"self":[{"href":"https:\/\/rifas.se\/index.php?rest_route=\/wp\/v2\/pages\/68","targetHints":{"allow":["GET"]}}],"collection":[{"href":"https:\/\/rifas.se\/index.php?rest_route=\/wp\/v2\/pages"}],"about":[{"href":"https:\/\/rifas.se\/index.php?rest_route=\/wp\/v2\/types\/page"}],"author":[{"embeddable":true,"href":"https:\/\/rifas.se\/index.php?rest_route=\/wp\/v2\/users\/1"}],"replies":[{"embeddable":true,"href":"https:\/\/rifas.se\/index.php?rest_route=%2Fwp%2Fv2%2Fcomments&post=68"}],"version-history":[{"count":59,"href":"https:\/\/rifas.se\/index.php?rest_route=\/wp\/v2\/pages\/68\/revisions"}],"predecessor-version":[{"id":1966,"href":"https:\/\/rifas.se\/index.php?rest_route=\/wp\/v2\/pages\/68\/revisions\/1966"}],"wp:attachment":[{"href":"https:\/\/rifas.se\/index.php?rest_route=%2Fwp%2Fv2%2Fmedia&parent=68"}],"curies":[{"name":"wp","href":"https:\/\/api.w.org\/{rel}","templated":true}]}}